{"id":4191,"date":"2017-05-10T12:56:36","date_gmt":"2017-05-10T12:56:36","guid":{"rendered":"http:\/\/demo.goodlayers.com\/onepagepro\/cv\/?page_id=3999"},"modified":"2024-06-03T17:58:49","modified_gmt":"2024-06-03T17:58:49","slug":"homepage-cv","status":"publish","type":"page","link":"https:\/\/thomas-bernadotte.de\/","title":{"rendered":"Homepage &#8211; V2"},"content":{"rendered":"<p>[et_pb_section fb_built=&#8220;1&#8243; _builder_version=&#8220;4.22.1&#8243; _module_preset=&#8220;default&#8220; custom_margin=&#8220;0px||0px||false|false&#8220; custom_padding=&#8220;0px||0px||false|false&#8220; global_colors_info=&#8220;{}&#8220;][et_pb_row column_structure=&#8220;1_2,1_2&#8243; use_custom_gutter=&#8220;on&#8220; gutter_width=&#8220;1&#8243; make_equal=&#8220;on&#8220; _builder_version=&#8220;4.22.1&#8243; _module_preset=&#8220;default&#8220; background_color=&#8220;#4441d7&#8243; width=&#8220;100%&#8220; max_width=&#8220;100%&#8220; custom_padding=&#8220;0px||0px||false|false&#8220; global_colors_info=&#8220;{}&#8220;][et_pb_column type=&#8220;1_2&#8243; _builder_version=&#8220;4.22.1&#8243; _module_preset=&#8220;default&#8220; global_colors_info=&#8220;{}&#8220;][et_pb_image src=&#8220;https:\/\/thomas-bernadotte.de\/wp-content\/uploads\/2024\/01\/Thomas_Bernadotte_Wolf-scaled.jpg&#8220; title_text=&#8220;Thomas_Bernadotte_Wolf&#8220; force_fullwidth=&#8220;on&#8220; admin_label=&#8220;Bild&#8220; _builder_version=&#8220;4.22.1&#8243; _module_preset=&#8220;default&#8220; global_colors_info=&#8220;{}&#8220;][\/et_pb_image][\/et_pb_column][et_pb_column type=&#8220;1_2&#8243; _builder_version=&#8220;4.22.1&#8243; _module_preset=&#8220;default&#8220; background_color=&#8220;#4441d7&#8243; global_colors_info=&#8220;{}&#8220;][et_pb_text _builder_version=&#8220;4.22.1&#8243; _module_preset=&#8220;default&#8220; text_font=&#8220;||||||||&#8220; text_text_color=&#8220;#FFFFFF&#8220; text_font_size=&#8220;25px&#8220; text_line_height=&#8220;2.5em&#8220; header_font=&#8220;|700|||||||&#8220; header_text_color=&#8220;#dd9933&#8243; header_font_size=&#8220;35px&#8220; custom_padding=&#8220;|50px||50px|false|false&#8220; custom_padding_tablet=&#8220;50px||||false|false&#8220; custom_padding_phone=&#8220;50px||||false|false&#8220; custom_padding_last_edited=&#8220;on|phone&#8220; global_colors_info=&#8220;{}&#8220;]<\/p>\n<p><span style=\"color: #dd9933;\"><b>Thomas Bernadotte<\/b><\/span><br \/>\u2713 33+ Jahre Expertise im strategischen Marketing und Branding mit u\u0308bergreifendem Fachwissen<br \/>\u2713 9 Jahre Marketingleiter &#8211; mit der Trend-Marke Wolfsblut<\/p>\n<p><span style=\"color: #dd9933;\"><b><strong>CEO Support &#8211; Ihr Berater oder<\/strong> Ihr Coach <\/b><\/span><br \/>Wachstum durch bessere Entscheidungen!<\/p>\n<p>[\/et_pb_text][et_pb_text _builder_version=&#8220;4.22.1&#8243; _module_preset=&#8220;default&#8220; text_text_color=&#8220;#FFFFFF&#8220; text_font_size=&#8220;20px&#8220; text_line_height=&#8220;2.5em&#8220; custom_padding=&#8220;50px|50px||50px|false|false&#8220; custom_padding_tablet=&#8220;||50px||false|false&#8220; custom_padding_phone=&#8220;50px|50px|50px|50px|false|false&#8220; custom_padding_last_edited=&#8220;on|phone&#8220; global_colors_info=&#8220;{}&#8220;]<\/p>\n<p><span class=\"et-pb-icon\">\ue090<\/span> +49 (30) 84 722 722<br \/><span class=\"et-pb-icon\">\ue076<\/span> info@t-c-bernadotte.de<\/p>\n<p>[\/et_pb_text][\/et_pb_column][\/et_pb_row][\/et_pb_section][et_pb_section fb_built=&#8220;1&#8243; module_id=&#8220;story&#8220; _builder_version=&#8220;4.22.1&#8243; _module_preset=&#8220;default&#8220; custom_margin=&#8220;0px||0px||false|false&#8220; custom_padding=&#8220;0px||0px||false|false&#8220; global_colors_info=&#8220;{}&#8220;][et_pb_row column_structure=&#8220;2_5,3_5&#8243; use_custom_gutter=&#8220;on&#8220; gutter_width=&#8220;1&#8243; make_equal=&#8220;on&#8220; _builder_version=&#8220;4.22.1&#8243; _module_preset=&#8220;default&#8220; background_enable_color=&#8220;off&#8220; width=&#8220;100%&#8220; max_width=&#8220;100%&#8220; custom_padding=&#8220;0px||0px||false|false&#8220; global_colors_info=&#8220;{}&#8220;][et_pb_column type=&#8220;2_5&#8243; _builder_version=&#8220;4.22.1&#8243; _module_preset=&#8220;default&#8220; global_colors_info=&#8220;{}&#8220;][et_pb_text _builder_version=&#8220;4.22.1&#8243; _module_preset=&#8220;default&#8220; text_font_size=&#8220;25px&#8220; text_line_height=&#8220;2.5em&#8220; ul_font_size=&#8220;20px&#8220; ul_line_height=&#8220;1.3em&#8220; header_3_font=&#8220;|700|||||||&#8220; header_3_line_height=&#8220;1.3em&#8220; custom_padding=&#8220;0px|50px||50px|false|false&#8220; custom_padding_tablet=&#8220;||50px||false|false&#8220; custom_padding_phone=&#8220;50px|50px|50px|50px|false|false&#8220; custom_padding_last_edited=&#8220;on|tablet&#8220; global_colors_info=&#8220;{}&#8220;]<\/p>\n<p><span style=\"color: #dd9933;\"><strong>Neun Jahre<\/strong><\/span><br \/><span>\u2713 Chief Marketing Officer <\/span><br \/><span>\u2713 Key Account Manager <\/span><br \/>der Healtfood24 GmbH mit der Trend-Marke WOLFSBLUT<\/p>\n<p><span style=\"color: #dd9933;\"><strong>WOLFSBLUT <\/strong><\/span><\/p>\n<ul>\n<li>Mai 2010 im Markenregister eingetragen<\/li>\n<\/ul>\n<ul>\n<li>Ab 2012 die am schnellsten wachsende, meistkopierte und popul\u00e4rste Hundefuttermarke ihrer Zeit in Deutschland<\/li>\n<\/ul>\n<ul>\n<li>Januar 2020 verkauft an AlphaPet Ventures GmbH<\/li>\n<\/ul>\n<ul><\/ul>\n<p>[\/et_pb_text][\/et_pb_column][et_pb_column type=&#8220;3_5&#8243; _builder_version=&#8220;4.22.1&#8243; _module_preset=&#8220;default&#8220; background_color=&#8220;#4441d7&#8243; global_colors_info=&#8220;{}&#8220;][et_pb_image src=&#8220;https:\/\/thomas-bernadotte.de\/\/wp-content\/uploads\/2023\/09\/chief-marketing-officer.jpg&#8220; alt=&#8220;Thomas Bernadotte mit Chief&#8220; title_text=&#8220;chief-marketing-officer&#8220; force_fullwidth=&#8220;on&#8220; _builder_version=&#8220;4.22.1&#8243; _module_preset=&#8220;default&#8220; global_colors_info=&#8220;{}&#8220;][\/et_pb_image][\/et_pb_column][\/et_pb_row][\/et_pb_section][et_pb_section fb_built=&#8220;1&#8243; module_id=&#8220;customer&#8220; _builder_version=&#8220;4.22.1&#8243; _module_preset=&#8220;default&#8220; background_color=&#8220;#4441d7&#8243; global_colors_info=&#8220;{}&#8220;][et_pb_row _builder_version=&#8220;4.22.1&#8243; _module_preset=&#8220;default&#8220; custom_padding=&#8220;||||false|false&#8220; global_colors_info=&#8220;{}&#8220;][et_pb_column type=&#8220;4_4&#8243; _builder_version=&#8220;4.22.1&#8243; _module_preset=&#8220;default&#8220; global_colors_info=&#8220;{}&#8220;][et_pb_text _builder_version=&#8220;4.22.1&#8243; _module_preset=&#8220;default&#8220; text_font_size=&#8220;25px&#8220; text_line_height=&#8220;1.5em&#8220; ul_font_size=&#8220;20px&#8220; ul_line_height=&#8220;1.3em&#8220; header_font_size=&#8220;25px&#8220; header_3_font=&#8220;|700|||||||&#8220; header_3_line_height=&#8220;1.3em&#8220; custom_padding=&#8220;||||false|false&#8220; custom_padding_tablet=&#8220;||50px||false|false&#8220; custom_padding_phone=&#8220;50px|50px|50px|50px|false|false&#8220; custom_padding_last_edited=&#8220;on|tablet&#8220; global_colors_info=&#8220;{}&#8220;]<\/p>\n<p><span style=\"color: #dd9933;\"><strong> Ideen, Strategie, Handwerk und Konsistenz machen Gewinner<\/strong> <\/span><\/p>\n<p><span style=\"color: #ffffff;\">Die WOLFSBLUT-Hundefutter entstanden mit Zutaten, die zu dieser Zeit nur f\u00fcr Lebensmittel verwendet wurden. Zu einem Trend wurde WOLFSBLUT durch die Marketingstrategie. Sie basierte auf einer \u201ek\u00fcnstlichen\u201c USP, die laut der Marktforschungsgesellschaft Research Tools, Esslingen, in allen Kan\u00e4len konsequenter bzw. konsistenter kommuniziert wurde, als es die Wettbewerbsmarken mit ihren Unterscheidungsmerkmalen vermochten.<span style=\"color: #e09900;\"><\/span><\/span><span style=\"color: #ffffff;\"><em><\/em><\/span><\/p>\n<ul><\/ul>\n<p><span style=\"color: #ffffff;\">Die strategische Inszenierung der Marke f\u00fchrte zu einer Markenidentifikation und Markenloyalit\u00e4t bei den WOLFSBLUT-Kunden, die gem\u00e4\u00df zweier repr\u00e4sentativer Umfragen des Marktforschungsinstituts Konzept &amp; Markt in den Jahren 2015 und 2017, h\u00f6her war als bei den Kunden aller anderen Hundefuttermarken in Deutschland.<\/span><span style=\"color: #ffffff;\"><em><\/em><\/span><\/p>\n<ul><\/ul>\n<p>[\/et_pb_text][\/et_pb_column][\/et_pb_row][et_pb_row column_structure=&#8220;1_5,1_5,1_5,1_5,1_5&#8243; _builder_version=&#8220;4.22.1&#8243; _module_preset=&#8220;default&#8220; global_colors_info=&#8220;{}&#8220;][et_pb_column type=&#8220;1_5&#8243; _builder_version=&#8220;4.22.1&#8243; _module_preset=&#8220;default&#8220; global_colors_info=&#8220;{}&#8220;][et_pb_image src=&#8220;https:\/\/thomas-bernadotte.de\/\/wp-content\/uploads\/2020\/03\/USPs.png&#8220; alt=&#8220;Marketing-Mix-Analyse Hundetrockenfutter 2015&#8243; title_text=&#8220;USPs&#8220; show_in_lightbox=&#8220;on&#8220; _builder_version=&#8220;4.22.1&#8243; _dynamic_attributes=&#8220;url&#8220; _module_preset=&#8220;default&#8220; global_colors_info=&#8220;{}&#8220;][\/et_pb_image][et_pb_text _builder_version=&#8220;4.22.1&#8243; _module_preset=&#8220;default&#8220; text_text_color=&#8220;#FFFFFF&#8220; text_font_size=&#8220;20px&#8220; text_orientation=&#8220;center&#8220; global_colors_info=&#8220;{}&#8220;]<\/p>\n<p>USPs konsistenter kommuniziert als der Wettbewerb<\/p>\n<p>[\/et_pb_text][\/et_pb_column][et_pb_column type=&#8220;1_5&#8243; _builder_version=&#8220;4.22.1&#8243; _module_preset=&#8220;default&#8220; global_colors_info=&#8220;{}&#8220;][et_pb_image src=&#8220;https:\/\/thomas-bernadotte.de\/\/wp-content\/uploads\/2020\/03\/Screenshot-2020-03-12-17.53.26.png&#8220; alt=&#8220;2018: WOLFSBLUT war das erstes Premium-Hundefutter in Einzelhandel&#8220; title_text=&#8220;Screenshot 2020-03-12 17.53.26&#8243; show_in_lightbox=&#8220;on&#8220; _builder_version=&#8220;4.22.1&#8243; _dynamic_attributes=&#8220;url&#8220; _module_preset=&#8220;default&#8220; global_colors_info=&#8220;{}&#8220;][\/et_pb_image][et_pb_text _builder_version=&#8220;4.22.1&#8243; _module_preset=&#8220;default&#8220; text_text_color=&#8220;#FFFFFF&#8220; text_font_size=&#8220;20px&#8220; text_orientation=&#8220;center&#8220; global_colors_info=&#8220;{}&#8220;]<\/p>\n<p>Erstes Premium-Hundefutter im Einzelhandel<\/p>\n<p>[\/et_pb_text][et_pb_text _builder_version=&#8220;4.22.1&#8243; _module_preset=&#8220;default&#8220; text_text_color=&#8220;#FFFFFF&#8220; text_font_size=&#8220;20px&#8220; text_orientation=&#8220;center&#8220; custom_padding=&#8220;||0px|||&#8220; global_colors_info=&#8220;{}&#8220;][\/et_pb_text][\/et_pb_column][et_pb_column type=&#8220;1_5&#8243; _builder_version=&#8220;4.22.1&#8243; _module_preset=&#8220;default&#8220; global_colors_info=&#8220;{}&#8220;][et_pb_image src=&#8220;https:\/\/thomas-bernadotte.de\/\/wp-content\/uploads\/2020\/04\/Heimtierkongress-2017-009-ang-V2.jpg&#8220; alt=&#8220;Preisverleihung auf dem Heimtier-Kongress in K\u00f6ln 2017&#8243; title_text=&#8220;Heimtierkongress-2017-009-ang-V2&#8243; show_in_lightbox=&#8220;on&#8220; _builder_version=&#8220;4.22.1&#8243; _dynamic_attributes=&#8220;url&#8220; _module_preset=&#8220;default&#8220; global_colors_info=&#8220;{}&#8220;][\/et_pb_image][et_pb_text _builder_version=&#8220;4.22.1&#8243; _module_preset=&#8220;default&#8220; text_text_color=&#8220;#FFFFFF&#8220; text_font_size=&#8220;20px&#8220; text_orientation=&#8220;center&#8220; global_colors_info=&#8220;{}&#8220;]<\/p>\n<p>2 awards for building consumer-brand identification (CBI) and loyalty<\/p>\n<p>[\/et_pb_text][\/et_pb_column][et_pb_column type=&#8220;1_5&#8243; _builder_version=&#8220;4.22.1&#8243; _module_preset=&#8220;default&#8220; global_colors_info=&#8220;{}&#8220;][et_pb_image src=&#8220;https:\/\/thomas-bernadotte.de\/\/wp-content\/uploads\/2023\/10\/PHOTO-2020-01-16-19-00-19.jpg&#8220; alt=&#8220;WOLFSBLUT Messestand &#8211; Design Konzept Thomas Bernadotte&#8220; title_text=&#8220;PHOTO-2020-01-16-19-00-19&#8243; show_in_lightbox=&#8220;on&#8220; _builder_version=&#8220;4.22.1&#8243; _dynamic_attributes=&#8220;url&#8220; _module_preset=&#8220;default&#8220; global_colors_info=&#8220;{}&#8220;][\/et_pb_image][et_pb_text _builder_version=&#8220;4.22.1&#8243; _module_preset=&#8220;default&#8220; text_text_color=&#8220;#FFFFFF&#8220; text_font_size=&#8220;20px&#8220; text_orientation=&#8220;center&#8220; global_colors_info=&#8220;{}&#8220;]<\/p>\n<p>On Brand \u2013 der WOLFSBLUT Messestand<\/p>\n<p>[\/et_pb_text][et_pb_text _builder_version=&#8220;4.22.1&#8243; _module_preset=&#8220;default&#8220; text_text_color=&#8220;#FFFFFF&#8220; text_font_size=&#8220;20px&#8220; text_orientation=&#8220;center&#8220; custom_padding=&#8220;||0px|||&#8220; global_colors_info=&#8220;{}&#8220;][\/et_pb_text][\/et_pb_column][et_pb_column type=&#8220;1_5&#8243; _builder_version=&#8220;4.22.1&#8243; _module_preset=&#8220;default&#8220; global_colors_info=&#8220;{}&#8220;][et_pb_image src=&#8220;https:\/\/thomas-bernadotte.de\/\/wp-content\/uploads\/2020\/04\/T2X_1704-neu-scaled.jpg&#8220; alt=&#8220;Gab es zuvor nicht &#8211; Echter Sioux und echter Wolf zusammen, kein Photoshop&#8220; title_text=&#8220;_T2X_1704-neu&#8220; show_in_lightbox=&#8220;on&#8220; _builder_version=&#8220;4.22.1&#8243; _dynamic_attributes=&#8220;url&#8220; _module_preset=&#8220;default&#8220; global_colors_info=&#8220;{}&#8220;][\/et_pb_image][et_pb_text _builder_version=&#8220;4.22.1&#8243; _module_preset=&#8220;default&#8220; text_text_color=&#8220;#FFFFFF&#8220; text_font_size=&#8220;20px&#8220; text_orientation=&#8220;center&#8220; global_colors_info=&#8220;{}&#8220;]<\/p>\n<p>Immer authentisch und stark differenziert<\/p>\n<p>[\/et_pb_text][\/et_pb_column][\/et_pb_row][\/et_pb_section][et_pb_section fb_built=&#8220;1&#8243; module_id=&#8220;vita&#8220; _builder_version=&#8220;4.22.1&#8243; _module_preset=&#8220;default&#8220; background_enable_color=&#8220;off&#8220; global_colors_info=&#8220;{}&#8220;][et_pb_row _builder_version=&#8220;4.22.1&#8243; _module_preset=&#8220;default&#8220; global_colors_info=&#8220;{}&#8220;][et_pb_column type=&#8220;4_4&#8243; _builder_version=&#8220;4.22.1&#8243; _module_preset=&#8220;default&#8220; global_colors_info=&#8220;{}&#8220;][et_pb_text _builder_version=&#8220;4.22.1&#8243; _module_preset=&#8220;default&#8220; text_text_color=&#8220;#FFFFFF&#8220; text_font_size=&#8220;25px&#8220; text_line_height=&#8220;1.3em&#8220; header_2_font=&#8220;|700|||||||&#8220; header_2_text_color=&#8220;#dd9933&#8243; header_2_line_height=&#8220;1.3em&#8220; global_colors_info=&#8220;{}&#8220;]<font color=#dd9933><b>Vita Thomas Bernadotte<\/b><\/font>     [\/et_pb_text][et_pb_divider show_divider=&#8220;off&#8220; _builder_version=&#8220;4.22.1&#8243; _module_preset=&#8220;default&#8220; use_background_color_gradient=&#8220;on&#8220; background_color_gradient_stops=&#8220;#453ed8 0%|rgba(69,62,216,0.5) 100%&#8220; width=&#8220;0.5%&#8220; module_alignment=&#8220;center&#8220; min_height=&#8220;980pt&#8220; min_height_tablet=&#8220;980pt&#8220; min_height_phone=&#8220;1580px&#8220; min_height_last_edited=&#8220;on|tablet&#8220; custom_margin=&#8220;|488px||565px||&#8220; global_colors_info=&#8220;{}&#8220;][\/et_pb_divider][et_pb_blurb title=&#8220;seit 05.2020&#8243; use_icon=&#8220;on&#8220; font_icon=&#8220;&#x3b;||divi||400&#8243; icon_color=&#8220;#4441d7&#8243; image_icon_width=&#8220;50px&#8220; admin_label=&#8220;Informationstext&#8220; _builder_version=&#8220;4.22.1&#8243; _module_preset=&#8220;default&#8220; header_font=&#8220;|700|||||||&#8220; header_text_color=&#8220;#000000&#8243; header_font_size=&#8220;25px&#8220; body_text_align=&#8220;center&#8220; body_font_size=&#8220;20px&#8220; body_line_height=&#8220;1.5em&#8220; background_color=&#8220;rgba(255,255,255,0.8)&#8220; text_orientation=&#8220;center&#8220; custom_margin=&#8220;-1280px|||15px|false|false&#8220; custom_margin_tablet=&#8220;|||15px|false|false&#8220; custom_margin_phone=&#8220;-1530px||||false|false&#8220; custom_margin_last_edited=&#8220;on|desktop&#8220; custom_padding=&#8220;||||false|false&#8220; global_colors_info=&#8220;{}&#8220;]<\/p>\n<p><strong>Co-Owner von Business Growth Consulting<\/strong><br \/>Neuen Ideen, die Ihnen dabei helfen, Ihre Marke st\u00e4rker abzugrenzen, sichtbarer, interessanter, aufregender, einbindender und leidenschaftlicher zu gestalten, effektiver zu kommunizieren und \u00fcber zus\u00e4tzliche Kan\u00e4le anzubieten<\/p>\n<p>[\/et_pb_blurb][et_pb_blurb title=&#8220;03.2011 &#8211; 04.2020&#8243; use_icon=&#8220;on&#8220; font_icon=&#8220;&#x3b;||divi||400&#8243; icon_color=&#8220;#4441d7&#8243; image_icon_width=&#8220;50px&#8220; _builder_version=&#8220;4.22.1&#8243; _module_preset=&#8220;default&#8220; header_font=&#8220;|700|||||||&#8220; header_text_color=&#8220;#000000&#8243; header_font_size=&#8220;24px&#8220; body_text_align=&#8220;center&#8220; body_font_size=&#8220;20px&#8220; body_line_height=&#8220;1.5em&#8220; background_color=&#8220;rgba(255,255,255,0.8)&#8220; text_orientation=&#8220;center&#8220; custom_margin=&#8220;|||15px|false|false&#8220; global_colors_info=&#8220;{}&#8220;]<\/p>\n<p><strong>CMO und Key Account Manager der Helthfood24 GmbH <\/strong><br \/>mit der Trend-Marke WOLFSBLUT<\/p>\n<p>[\/et_pb_blurb][et_pb_blurb title=&#8220;12.2002 &#8211; 01.2010&#8243; use_icon=&#8220;on&#8220; font_icon=&#8220;&#x3b;||divi||400&#8243; icon_color=&#8220;#4441d7&#8243; image_icon_width=&#8220;50px&#8220; _builder_version=&#8220;4.22.1&#8243; _module_preset=&#8220;default&#8220; header_font=&#8220;|700|||||||&#8220; header_text_color=&#8220;#000000&#8243; header_font_size=&#8220;24px&#8220; body_text_align=&#8220;center&#8220; body_font_size=&#8220;20px&#8220; body_line_height=&#8220;1.5em&#8220; background_color=&#8220;rgba(255,255,255,0.8)&#8220; text_orientation=&#8220;center&#8220; custom_margin=&#8220;|||15px|false|false&#8220; global_colors_info=&#8220;{}&#8220;]<\/p>\n<p><strong>CEO und Co-Owner der Bernadotte Business GmbH<\/strong><\/p>\n<div class=\"flex flex-grow flex-col gap-3 max-w-full\">\n<div class=\"min-h-[20px] flex flex-col items-start gap-3 whitespace-pre-wrap break-words overflow-x-auto\">\n<div class=\"\">Analytical Scientific &amp; Laboratory Equipment Trading<\/div>\n<\/div>\n<\/div>\n<p>[\/et_pb_blurb][et_pb_blurb title=&#8220;02.1994 &#8211; 11.2002&#8243; use_icon=&#8220;on&#8220; font_icon=&#8220;&#x3b;||divi||400&#8243; icon_color=&#8220;#4441d7&#8243; image_icon_width=&#8220;50px&#8220; _builder_version=&#8220;4.22.1&#8243; _module_preset=&#8220;default&#8220; header_font=&#8220;|700|||||||&#8220; header_text_color=&#8220;#000000&#8243; header_font_size=&#8220;24px&#8220; body_text_align=&#8220;center&#8220; body_font_size=&#8220;20px&#8220; body_line_height=&#8220;1.5em&#8220; background_color=&#8220;rgba(255,255,255,0.8)&#8220; text_orientation=&#8220;center&#8220; custom_margin=&#8220;|||15px|false|false&#8220; global_colors_info=&#8220;{}&#8220;]<\/p>\n<p><strong>CEO und Co-Owner der Bernadotte Design GmbH<\/strong><br \/>Industriedesign und Werbeagentur mit eigenem Werbetr\u00e4gernetz<\/p>\n<p>[\/et_pb_blurb][\/et_pb_column][\/et_pb_row][\/et_pb_section][et_pb_section fb_built=&#8220;1&#8243; module_id=&#8220;contact&#8220; _builder_version=&#8220;4.22.1&#8243; _module_preset=&#8220;default&#8220; background_color=&#8220;#4441d7&#8243; global_colors_info=&#8220;{}&#8220;][et_pb_row _builder_version=&#8220;4.22.1&#8243; _module_preset=&#8220;default&#8220; global_colors_info=&#8220;{}&#8220;][et_pb_column type=&#8220;4_4&#8243; _builder_version=&#8220;4.22.1&#8243; _module_preset=&#8220;default&#8220; global_colors_info=&#8220;{}&#8220;][et_pb_text _builder_version=&#8220;4.22.1&#8243; _module_preset=&#8220;default&#8220; text_text_color=&#8220;#FFFFFF&#8220; text_font_size=&#8220;25px&#8220; text_line_height=&#8220;1.3em&#8220; header_2_font=&#8220;|700|||||||&#8220; header_2_text_color=&#8220;#dd9933&#8243; header_2_line_height=&#8220;1.3em&#8220; global_colors_info=&#8220;{}&#8220;]<\/p>\n<p><span style=\"color: #dd9933;\"><b>Kontakt<\/b><\/span><\/p>\n<p>[\/et_pb_text][et_pb_text _builder_version=&#8220;4.22.1&#8243; _module_preset=&#8220;default&#8220; text_text_color=&#8220;#FFFFFF&#8220; text_font_size=&#8220;20px&#8220; text_line_height=&#8220;2.5em&#8220; global_colors_info=&#8220;{}&#8220;]<\/p>\n<p><span class=\"et-pb-icon\">\ue082<\/span>Wilhelm-C.-Wegely-Platz 1<br \/>10623 Berlin<br \/><span class=\"et-pb-icon\">\ue090<\/span> +49 (30) 84 722 722<br \/><span class=\"et-pb-icon\">\ue076<\/span> info@t-c-bernadotte.de<\/p>\n<p>[\/et_pb_text][\/et_pb_column][\/et_pb_row][\/et_pb_section]<\/p>\n","protected":false},"excerpt":{"rendered":"<p>Thomas Bernadotte\u2713 33+ Jahre Expertise im strategischen Marketing und Branding mit u\u0308bergreifendem Fachwissen\u2713 9 Jahre Marketingleiter &#8211; mit der Trend-Marke Wolfsblut CEO Support &#8211; Ihr Berater oder Ihr Coach Wachstum durch bessere Entscheidungen!\ue090 +49 (30) 84 722 722\ue076 info@t-c-bernadotte.deNeun Jahre\u2713 Chief Marketing Officer \u2713 Key Account Manager der Healtfood24 GmbH mit der Trend-Marke WOLFSBLUT WOLFSBLUT [&hellip;]<\/p>\n","protected":false},"author":1,"featured_media":0,"parent":0,"menu_order":0,"comment_status":"closed","ping_status":"closed","template":"","meta":{"_et_pb_use_builder":"on","_et_pb_old_content":"","_et_gb_content_width":"","footnotes":""},"yoast_head":"<!-- This site is optimized with the Yoast SEO plugin v21.3 - https:\/\/yoast.com\/wordpress\/plugins\/seo\/ -->\n<title>Thomas Bernadotte - Business Growth Expert<\/title>\n<meta name=\"description\" content=\"Strategic Marketing and Branding Expert - increasing brand value \u2022 building brands \u2022 creating new growth platforms\" \/>\n<meta name=\"robots\" content=\"index, follow, max-snippet:-1, max-image-preview:large, max-video-preview:-1\" \/>\n<link rel=\"canonical\" href=\"https:\/\/thomas-bernadotte.de\/\" \/>\n<meta property=\"og:locale\" content=\"de_DE\" \/>\n<meta property=\"og:type\" content=\"article\" \/>\n<meta property=\"og:title\" content=\"Thomas Bernadotte - Business Growth Expert\" \/>\n<meta property=\"og:description\" content=\"Strategic Marketing and Branding Expert - increasing brand value \u2022 building brands \u2022 creating new growth platforms\" \/>\n<meta property=\"og:url\" content=\"https:\/\/thomas-bernadotte.de\/\" \/>\n<meta property=\"og:site_name\" content=\"Thomas Bernadotte\" \/>\n<meta property=\"article:modified_time\" content=\"2024-06-03T17:58:49+00:00\" \/>\n<meta name=\"twitter:card\" content=\"summary_large_image\" \/>\n<meta name=\"twitter:label1\" content=\"Gesch\u00e4tzte Lesezeit\" \/>\n\t<meta name=\"twitter:data1\" content=\"5\u00a0Minuten\" \/>\n<script type=\"application\/ld+json\" class=\"yoast-schema-graph\">{\"@context\":\"https:\/\/schema.org\",\"@graph\":[{\"@type\":\"WebPage\",\"@id\":\"https:\/\/thomas-bernadotte.de\/\",\"url\":\"https:\/\/thomas-bernadotte.de\/\",\"name\":\"Thomas Bernadotte - Business Growth Expert\",\"isPartOf\":{\"@id\":\"https:\/\/thomas-bernadotte.de\/#website\"},\"datePublished\":\"2017-05-10T12:56:36+00:00\",\"dateModified\":\"2024-06-03T17:58:49+00:00\",\"description\":\"Strategic Marketing and Branding Expert - increasing brand value \u2022 building brands \u2022 creating new growth platforms\",\"breadcrumb\":{\"@id\":\"https:\/\/thomas-bernadotte.de\/#breadcrumb\"},\"inLanguage\":\"de\",\"potentialAction\":[{\"@type\":\"ReadAction\",\"target\":[\"https:\/\/thomas-bernadotte.de\/\"]}]},{\"@type\":\"BreadcrumbList\",\"@id\":\"https:\/\/thomas-bernadotte.de\/#breadcrumb\",\"itemListElement\":[{\"@type\":\"ListItem\",\"position\":1,\"name\":\"Startseite\",\"item\":\"https:\/\/thomas-bernadotte.de\/\"},{\"@type\":\"ListItem\",\"position\":2,\"name\":\"Homepage &#8211; V2\"}]},{\"@type\":\"WebSite\",\"@id\":\"https:\/\/thomas-bernadotte.de\/#website\",\"url\":\"https:\/\/thomas-bernadotte.de\/\",\"name\":\"Thomas Bernadotte\",\"description\":\"Marketing und Branding Experte\",\"potentialAction\":[{\"@type\":\"SearchAction\",\"target\":{\"@type\":\"EntryPoint\",\"urlTemplate\":\"https:\/\/thomas-bernadotte.de\/?s={search_term_string}\"},\"query-input\":\"required name=search_term_string\"}],\"inLanguage\":\"de\"}]}<\/script>\n<!-- \/ Yoast SEO plugin. -->","yoast_head_json":{"title":"Thomas Bernadotte - Business Growth Expert","description":"Strategic Marketing and Branding Expert - increasing brand value \u2022 building brands \u2022 creating new growth platforms","robots":{"index":"index","follow":"follow","max-snippet":"max-snippet:-1","max-image-preview":"max-image-preview:large","max-video-preview":"max-video-preview:-1"},"canonical":"https:\/\/thomas-bernadotte.de\/","og_locale":"de_DE","og_type":"article","og_title":"Thomas Bernadotte - Business Growth Expert","og_description":"Strategic Marketing and Branding Expert - increasing brand value \u2022 building brands \u2022 creating new growth platforms","og_url":"https:\/\/thomas-bernadotte.de\/","og_site_name":"Thomas Bernadotte","article_modified_time":"2024-06-03T17:58:49+00:00","twitter_card":"summary_large_image","twitter_misc":{"Gesch\u00e4tzte Lesezeit":"5\u00a0Minuten"},"schema":{"@context":"https:\/\/schema.org","@graph":[{"@type":"WebPage","@id":"https:\/\/thomas-bernadotte.de\/","url":"https:\/\/thomas-bernadotte.de\/","name":"Thomas Bernadotte - Business Growth Expert","isPartOf":{"@id":"https:\/\/thomas-bernadotte.de\/#website"},"datePublished":"2017-05-10T12:56:36+00:00","dateModified":"2024-06-03T17:58:49+00:00","description":"Strategic Marketing and Branding Expert - increasing brand value \u2022 building brands \u2022 creating new growth platforms","breadcrumb":{"@id":"https:\/\/thomas-bernadotte.de\/#breadcrumb"},"inLanguage":"de","potentialAction":[{"@type":"ReadAction","target":["https:\/\/thomas-bernadotte.de\/"]}]},{"@type":"BreadcrumbList","@id":"https:\/\/thomas-bernadotte.de\/#breadcrumb","itemListElement":[{"@type":"ListItem","position":1,"name":"Startseite","item":"https:\/\/thomas-bernadotte.de\/"},{"@type":"ListItem","position":2,"name":"Homepage &#8211; V2"}]},{"@type":"WebSite","@id":"https:\/\/thomas-bernadotte.de\/#website","url":"https:\/\/thomas-bernadotte.de\/","name":"Thomas Bernadotte","description":"Marketing und Branding Experte","potentialAction":[{"@type":"SearchAction","target":{"@type":"EntryPoint","urlTemplate":"https:\/\/thomas-bernadotte.de\/?s={search_term_string}"},"query-input":"required name=search_term_string"}],"inLanguage":"de"}]}},"_links":{"self":[{"href":"https:\/\/thomas-bernadotte.de\/index.php?rest_route=\/wp\/v2\/pages\/4191"}],"collection":[{"href":"https:\/\/thomas-bernadotte.de\/index.php?rest_route=\/wp\/v2\/pages"}],"about":[{"href":"https:\/\/thomas-bernadotte.de\/index.php?rest_route=\/wp\/v2\/types\/page"}],"author":[{"embeddable":true,"href":"https:\/\/thomas-bernadotte.de\/index.php?rest_route=\/wp\/v2\/users\/1"}],"replies":[{"embeddable":true,"href":"https:\/\/thomas-bernadotte.de\/index.php?rest_route=%2Fwp%2Fv2%2Fcomments&post=4191"}],"version-history":[{"count":193,"href":"https:\/\/thomas-bernadotte.de\/index.php?rest_route=\/wp\/v2\/pages\/4191\/revisions"}],"predecessor-version":[{"id":5106,"href":"https:\/\/thomas-bernadotte.de\/index.php?rest_route=\/wp\/v2\/pages\/4191\/revisions\/5106"}],"wp:attachment":[{"href":"https:\/\/thomas-bernadotte.de\/index.php?rest_route=%2Fwp%2Fv2%2Fmedia&parent=4191"}],"curies":[{"name":"wp","href":"https:\/\/api.w.org\/{rel}","templated":true}]}}